{"id":9,"date":"2022-04-02T18:41:48","date_gmt":"2022-04-02T16:41:48","guid":{"rendered":"https:\/\/aps13.fr\/?page_id=9"},"modified":"2026-03-30T12:50:26","modified_gmt":"2026-03-30T10:50:26","slug":"accueil","status":"publish","type":"page","link":"https:\/\/aps13.fr\/","title":{"rendered":"accueil"},"content":{"rendered":"\t\t<div data-elementor-type=\"wp-page\" data-elementor-id=\"9\" class=\"elementor elementor-9\">\n\t\t\t\t\t\t<section class=\"elementor-section elementor-top-section elementor-element elementor-element-8a65814 elementor-section-boxed elementor-section-height-default elementor-section-height-default\" data-id=\"8a65814\" data-element_type=\"section\" data-e-type=\"section\">\n\t\t\t\t\t\t<div class=\"elementor-container elementor-column-gap-default\">\n\t\t\t\t\t<div class=\"elementor-column elementor-col-100 elementor-top-column elementor-element elementor-element-37cf048\" data-id=\"37cf048\" data-element_type=\"column\" data-e-type=\"column\">\n\t\t\t<div class=\"elementor-widget-wrap elementor-element-populated\">\n\t\t\t\t\t\t<div class=\"elementor-element elementor-element-7407939 elementor-widget elementor-widget-image\" data-id=\"7407939\" data-element_type=\"widget\" data-e-type=\"widget\" data-widget_type=\"image.default\">\n\t\t\t\t<div class=\"elementor-widget-container\">\n\t\t\t\t\t\t\t\t\t\t\t\t\t\t\t<img fetchpriority=\"high\" decoding=\"async\" width=\"1024\" height=\"372\" src=\"https:\/\/aps13.fr\/wp-content\/uploads\/2022\/06\/Sans-titre-1-1024x372.png\" class=\"attachment-large size-large wp-image-429\" alt=\"\" srcset=\"https:\/\/aps13.fr\/wp-content\/uploads\/2022\/06\/Sans-titre-1-1024x372.png 1024w, https:\/\/aps13.fr\/wp-content\/uploads\/2022\/06\/Sans-titre-1-300x109.png 300w, https:\/\/aps13.fr\/wp-content\/uploads\/2022\/06\/Sans-titre-1-768x279.png 768w, https:\/\/aps13.fr\/wp-content\/uploads\/2022\/06\/Sans-titre-1-1536x559.png 1536w, https:\/\/aps13.fr\/wp-content\/uploads\/2022\/06\/Sans-titre-1-2048x745.png 2048w\" sizes=\"(max-width: 1024px) 100vw, 1024px\" \/>\t\t\t\t\t\t\t\t\t\t\t\t\t\t\t<\/div>\n\t\t\t\t<\/div>\n\t\t\t\t\t<\/div>\n\t\t<\/div>\n\t\t\t\t\t<\/div>\n\t\t<\/section>\n\t\t\t\t<section class=\"elementor-section elementor-top-section elementor-element elementor-element-cf431dc elementor-section-boxed elementor-section-height-default elementor-section-height-default\" data-id=\"cf431dc\" data-element_type=\"section\" data-e-type=\"section\">\n\t\t\t\t\t\t<div class=\"elementor-container elementor-column-gap-default\">\n\t\t\t\t\t<div class=\"elementor-column elementor-col-100 elementor-top-column elementor-element elementor-element-be39cbb\" data-id=\"be39cbb\" data-element_type=\"column\" data-e-type=\"column\">\n\t\t\t<div class=\"elementor-widget-wrap\">\n\t\t\t\t\t\t\t<\/div>\n\t\t<\/div>\n\t\t\t\t\t<\/div>\n\t\t<\/section>\n\t\t\t\t<section class=\"elementor-section elementor-top-section elementor-element elementor-element-36102049 elementor-section-content-middle elementor-section-boxed elementor-section-height-default elementor-section-height-default\" data-id=\"36102049\" data-element_type=\"section\" data-e-type=\"section\" data-settings=\"{&quot;background_background&quot;:&quot;classic&quot;}\">\n\t\t\t\t\t\t\t<div class=\"elementor-background-overlay\"><\/div>\n\t\t\t\t\t\t\t<div class=\"elementor-container elementor-column-gap-wide\">\n\t\t\t\t\t<div class=\"elementor-column elementor-col-100 elementor-top-column elementor-element elementor-element-2290b113\" data-id=\"2290b113\" data-element_type=\"column\" data-e-type=\"column\">\n\t\t\t<div class=\"elementor-widget-wrap elementor-element-populated\">\n\t\t\t\t\t\t<div class=\"elementor-element elementor-element-258409fb elementor-invisible elementor-widget elementor-widget-heading\" data-id=\"258409fb\" data-element_type=\"widget\" data-e-type=\"widget\" data-settings=\"{&quot;_animation&quot;:&quot;fadeIn&quot;,&quot;_animation_delay&quot;:150}\" data-widget_type=\"heading.default\">\n\t\t\t\t<div class=\"elementor-widget-container\">\n\t\t\t\t\t<h2 class=\"elementor-heading-title elementor-size-default\"><b>Atelier Plus Sports<\/b> (APS), \u00e9quipementier des <b>clubs<\/b> depuis 30 ans<\/h2>\t\t\t\t<\/div>\n\t\t\t\t<\/div>\n\t\t\t\t<div class=\"elementor-element elementor-element-491f427 elementor-alert-danger e-transform elementor-widget elementor-widget-alert\" data-id=\"491f427\" data-element_type=\"widget\" data-e-type=\"widget\" data-settings=\"{&quot;_transform_translateX_effect&quot;:{&quot;unit&quot;:&quot;px&quot;,&quot;size&quot;:0,&quot;sizes&quot;:[]},&quot;_transform_translateX_effect_tablet&quot;:{&quot;unit&quot;:&quot;px&quot;,&quot;size&quot;:&quot;&quot;,&quot;sizes&quot;:[]},&quot;_transform_translateX_effect_mobile&quot;:{&quot;unit&quot;:&quot;px&quot;,&quot;size&quot;:&quot;&quot;,&quot;sizes&quot;:[]},&quot;_transform_translateY_effect&quot;:{&quot;unit&quot;:&quot;px&quot;,&quot;size&quot;:&quot;&quot;,&quot;sizes&quot;:[]},&quot;_transform_translateY_effect_tablet&quot;:{&quot;unit&quot;:&quot;px&quot;,&quot;size&quot;:&quot;&quot;,&quot;sizes&quot;:[]},&quot;_transform_translateY_effect_mobile&quot;:{&quot;unit&quot;:&quot;px&quot;,&quot;size&quot;:&quot;&quot;,&quot;sizes&quot;:[]}}\" data-widget_type=\"alert.default\">\n\t\t\t\t<div class=\"elementor-widget-container\">\n\t\t\t\t\t\t\t<div class=\"elementor-alert\" role=\"alert\">\n\n\t\t\t\t\t\t<span class=\"elementor-alert-title\">Pr\u00e9parez votre saison 2026\/2027 avec votre partenaire Ateliers Plus Sports<\/span>\n\t\t\t\n\t\t\t\t\t\t<span class=\"elementor-alert-description\">\n<\/span>\n\t\t\t\n\t\t\t\n\t\t<\/div>\n\t\t\t\t\t\t<\/div>\n\t\t\t\t<\/div>\n\t\t\t\t<div class=\"elementor-element elementor-element-5f3052e elementor-widget elementor-widget-text-editor\" data-id=\"5f3052e\" data-element_type=\"widget\" data-e-type=\"widget\" data-widget_type=\"text-editor.default\">\n\t\t\t\t<div class=\"elementor-widget-container\">\n\t\t\t\t\t\t\t\t\t<p>APS est un magasin de sport sp\u00e9cialis\u00e9 dans l&rsquo;\u00e9quipement des clubs depuis 1996, vous y trouverez les plus grandes marques textiles mais aussi <b>le petit et le gros mat\u00e9riel<\/b>, le para-m\u00e9dical, les r\u00e9compenses sportives&#8230;APS c&rsquo;est aussi la solution pour tous vos <b>marquages<\/b> !<\/p>\t\t\t\t\t\t\t\t<\/div>\n\t\t\t\t<\/div>\n\t\t\t\t<div class=\"elementor-element elementor-element-42f9c1b elementor-widget elementor-widget-text-editor\" data-id=\"42f9c1b\" data-element_type=\"widget\" data-e-type=\"widget\" data-widget_type=\"text-editor.default\">\n\t\t\t\t<div class=\"elementor-widget-container\">\n\t\t\t\t\t\t\t\t\t<p>Vous \u00eates une association, une entreprise, une soci\u00e9t\u00e9, et vous cherchez la <b>personnalisation<\/b> de vos tenues, nous r\u00e9pondons \u00e9galement \u00e0 vos attentes.\u00a0<\/p>\t\t\t\t\t\t\t\t<\/div>\n\t\t\t\t<\/div>\n\t\t\t\t<div class=\"elementor-element elementor-element-1d09af2 elementor-widget elementor-widget-text-editor\" data-id=\"1d09af2\" data-element_type=\"widget\" data-e-type=\"widget\" data-widget_type=\"text-editor.default\">\n\t\t\t\t<div class=\"elementor-widget-container\">\n\t\t\t\t\t\t\t\t\t<p>APS ( groupe POLISPORTS ) est aussi N\u00b01 Fran\u00e7ais dans la sublimation et la <b>personnalisation<\/b> de vos tenues.<\/p>\t\t\t\t\t\t\t\t<\/div>\n\t\t\t\t<\/div>\n\t\t\t\t<div class=\"elementor-element elementor-element-4997f95 elementor-widget elementor-widget-text-editor\" data-id=\"4997f95\" data-element_type=\"widget\" data-e-type=\"widget\" data-widget_type=\"text-editor.default\">\n\t\t\t\t<div class=\"elementor-widget-container\">\n\t\t\t\t\t\t\t\t\t<p>Nos produits permettent d&rsquo;\u00e9quiper au mieux votre <b>club<\/b> et de r\u00e9pondre \u00e0 toutes vos demandes.<\/p>\t\t\t\t\t\t\t\t<\/div>\n\t\t\t\t<\/div>\n\t\t\t\t\t<\/div>\n\t\t<\/div>\n\t\t\t\t\t<\/div>\n\t\t<\/section>\n\t\t\t\t<\/div>\n\t\t","protected":false},"excerpt":{"rendered":"<p>Atelier Plus Sports (APS), \u00e9quipementier des clubs depuis 30 ans Pr\u00e9parez votre saison 2026\/2027 avec votre partenaire Ateliers Plus Sports APS est un magasin de sport sp\u00e9cialis\u00e9 dans l&rsquo;\u00e9quipement des clubs depuis 1996, vous y trouverez les plus grandes marques textiles mais aussi le petit et le gros mat\u00e9riel, le para-m\u00e9dical, les r\u00e9compenses sportives&#8230;APS c&rsquo;est&hellip;&nbsp;<a href=\"https:\/\/aps13.fr\/\" rel=\"bookmark\">Lire la suite &raquo;<span class=\"screen-reader-text\">accueil<\/span><\/a><\/p>\n","protected":false},"author":1,"featured_media":544,"parent":0,"menu_order":0,"comment_status":"closed","ping_status":"closed","template":"","meta":{"neve_meta_sidebar":"","neve_meta_container":"","neve_meta_enable_content_width":"","neve_meta_content_width":0,"neve_meta_title_alignment":"","neve_meta_author_avatar":"","neve_post_elements_order":"","neve_meta_disable_header":"","neve_meta_disable_footer":"","neve_meta_disable_title":"","_themeisle_gutenberg_block_has_review":false,"footnotes":""},"class_list":["post-9","page","type-page","status-publish","has-post-thumbnail","hentry"],"yoast_head":"<!-- This site is optimized with the Yoast SEO plugin v27.5 - https:\/\/yoast.com\/product\/yoast-seo-wordpress\/ -->\n<title>accueil - APS13<\/title>\n<meta name=\"description\" content=\"Boutique pour le football, handball et basketball. boutique APS vous propose diff\u00e9rents produits \u00e0 la vente\" \/>\n<meta name=\"robots\" content=\"index, follow, max-snippet:-1, max-image-preview:large, max-video-preview:-1\" \/>\n<link rel=\"canonical\" href=\"https:\/\/aps13.fr\/\" \/>\n<meta property=\"og:locale\" content=\"fr_FR\" \/>\n<meta property=\"og:type\" content=\"article\" \/>\n<meta property=\"og:title\" content=\"accueil - APS13\" \/>\n<meta property=\"og:description\" content=\"Boutique pour le football, handball et basketball. boutique APS vous propose diff\u00e9rents produits \u00e0 la vente\" \/>\n<meta property=\"og:url\" content=\"https:\/\/aps13.fr\/\" \/>\n<meta property=\"og:site_name\" content=\"APS13\" \/>\n<meta property=\"article:publisher\" content=\"https:\/\/www.facebook.com\/people\/Atelier-Plus-Sports\/100057795483989\/\" \/>\n<meta property=\"article:modified_time\" content=\"2026-03-30T10:50:26+00:00\" \/>\n<meta property=\"og:image\" content=\"https:\/\/aps13.fr\/wp-content\/uploads\/2023\/03\/Logo-APS-2022.png\" \/>\n\t<meta property=\"og:image:width\" content=\"920\" \/>\n\t<meta property=\"og:image:height\" content=\"794\" \/>\n\t<meta property=\"og:image:type\" content=\"image\/png\" \/>\n<meta name=\"twitter:card\" content=\"summary_large_image\" \/>\n<meta name=\"twitter:label1\" content=\"Dur\u00e9e de lecture estim\u00e9e\" \/>\n\t<meta name=\"twitter:data1\" content=\"1 minute\" \/>\n<script type=\"application\/ld+json\" class=\"yoast-schema-graph\">{\"@context\":\"https:\\\/\\\/schema.org\",\"@graph\":[{\"@type\":\"WebPage\",\"@id\":\"https:\\\/\\\/aps13.fr\\\/\",\"url\":\"https:\\\/\\\/aps13.fr\\\/\",\"name\":\"accueil - APS13\",\"isPartOf\":{\"@id\":\"https:\\\/\\\/aps13.fr\\\/#website\"},\"primaryImageOfPage\":{\"@id\":\"https:\\\/\\\/aps13.fr\\\/#primaryimage\"},\"image\":{\"@id\":\"https:\\\/\\\/aps13.fr\\\/#primaryimage\"},\"thumbnailUrl\":\"https:\\\/\\\/aps13.fr\\\/wp-content\\\/uploads\\\/2023\\\/03\\\/Logo-APS-2022.png\",\"datePublished\":\"2022-04-02T16:41:48+00:00\",\"dateModified\":\"2026-03-30T10:50:26+00:00\",\"description\":\"Boutique pour le football, handball et basketball. boutique APS vous propose diff\u00e9rents produits \u00e0 la vente\",\"breadcrumb\":{\"@id\":\"https:\\\/\\\/aps13.fr\\\/#breadcrumb\"},\"inLanguage\":\"fr-FR\",\"potentialAction\":[{\"@type\":\"ReadAction\",\"target\":[\"https:\\\/\\\/aps13.fr\\\/\"]}]},{\"@type\":\"ImageObject\",\"inLanguage\":\"fr-FR\",\"@id\":\"https:\\\/\\\/aps13.fr\\\/#primaryimage\",\"url\":\"https:\\\/\\\/aps13.fr\\\/wp-content\\\/uploads\\\/2023\\\/03\\\/Logo-APS-2022.png\",\"contentUrl\":\"https:\\\/\\\/aps13.fr\\\/wp-content\\\/uploads\\\/2023\\\/03\\\/Logo-APS-2022.png\",\"width\":920,\"height\":794},{\"@type\":\"BreadcrumbList\",\"@id\":\"https:\\\/\\\/aps13.fr\\\/#breadcrumb\",\"itemListElement\":[{\"@type\":\"ListItem\",\"position\":1,\"name\":\"Accueil\",\"item\":\"https:\\\/\\\/aps13.fr\\\/\"},{\"@type\":\"ListItem\",\"position\":2,\"name\":\"accueil\"}]},{\"@type\":\"WebSite\",\"@id\":\"https:\\\/\\\/aps13.fr\\\/#website\",\"url\":\"https:\\\/\\\/aps13.fr\\\/\",\"name\":\"APS13\",\"description\":\"Atelier Plus Sports\",\"publisher\":{\"@id\":\"https:\\\/\\\/aps13.fr\\\/#organization\"},\"potentialAction\":[{\"@type\":\"SearchAction\",\"target\":{\"@type\":\"EntryPoint\",\"urlTemplate\":\"https:\\\/\\\/aps13.fr\\\/?s={search_term_string}\"},\"query-input\":{\"@type\":\"PropertyValueSpecification\",\"valueRequired\":true,\"valueName\":\"search_term_string\"}}],\"inLanguage\":\"fr-FR\"},{\"@type\":\"Organization\",\"@id\":\"https:\\\/\\\/aps13.fr\\\/#organization\",\"name\":\"Atelier Plus Sports\",\"url\":\"https:\\\/\\\/aps13.fr\\\/\",\"logo\":{\"@type\":\"ImageObject\",\"inLanguage\":\"fr-FR\",\"@id\":\"https:\\\/\\\/aps13.fr\\\/#\\\/schema\\\/logo\\\/image\\\/\",\"url\":\"https:\\\/\\\/aps13.fr\\\/wp-content\\\/uploads\\\/2022\\\/04\\\/Logo-APS-2022-1.png\",\"contentUrl\":\"https:\\\/\\\/aps13.fr\\\/wp-content\\\/uploads\\\/2022\\\/04\\\/Logo-APS-2022-1.png\",\"width\":920,\"height\":794,\"caption\":\"Atelier Plus Sports\"},\"image\":{\"@id\":\"https:\\\/\\\/aps13.fr\\\/#\\\/schema\\\/logo\\\/image\\\/\"},\"sameAs\":[\"https:\\\/\\\/www.facebook.com\\\/people\\\/Atelier-Plus-Sports\\\/100057795483989\\\/\"]}]}<\/script>\n<!-- \/ Yoast SEO plugin. -->","yoast_head_json":{"title":"accueil - APS13","description":"Boutique pour le football, handball et basketball. boutique APS vous propose diff\u00e9rents produits \u00e0 la vente","robots":{"index":"index","follow":"follow","max-snippet":"max-snippet:-1","max-image-preview":"max-image-preview:large","max-video-preview":"max-video-preview:-1"},"canonical":"https:\/\/aps13.fr\/","og_locale":"fr_FR","og_type":"article","og_title":"accueil - APS13","og_description":"Boutique pour le football, handball et basketball. boutique APS vous propose diff\u00e9rents produits \u00e0 la vente","og_url":"https:\/\/aps13.fr\/","og_site_name":"APS13","article_publisher":"https:\/\/www.facebook.com\/people\/Atelier-Plus-Sports\/100057795483989\/","article_modified_time":"2026-03-30T10:50:26+00:00","og_image":[{"width":920,"height":794,"url":"https:\/\/aps13.fr\/wp-content\/uploads\/2023\/03\/Logo-APS-2022.png","type":"image\/png"}],"twitter_card":"summary_large_image","twitter_misc":{"Dur\u00e9e de lecture estim\u00e9e":"1 minute"},"schema":{"@context":"https:\/\/schema.org","@graph":[{"@type":"WebPage","@id":"https:\/\/aps13.fr\/","url":"https:\/\/aps13.fr\/","name":"accueil - APS13","isPartOf":{"@id":"https:\/\/aps13.fr\/#website"},"primaryImageOfPage":{"@id":"https:\/\/aps13.fr\/#primaryimage"},"image":{"@id":"https:\/\/aps13.fr\/#primaryimage"},"thumbnailUrl":"https:\/\/aps13.fr\/wp-content\/uploads\/2023\/03\/Logo-APS-2022.png","datePublished":"2022-04-02T16:41:48+00:00","dateModified":"2026-03-30T10:50:26+00:00","description":"Boutique pour le football, handball et basketball. boutique APS vous propose diff\u00e9rents produits \u00e0 la vente","breadcrumb":{"@id":"https:\/\/aps13.fr\/#breadcrumb"},"inLanguage":"fr-FR","potentialAction":[{"@type":"ReadAction","target":["https:\/\/aps13.fr\/"]}]},{"@type":"ImageObject","inLanguage":"fr-FR","@id":"https:\/\/aps13.fr\/#primaryimage","url":"https:\/\/aps13.fr\/wp-content\/uploads\/2023\/03\/Logo-APS-2022.png","contentUrl":"https:\/\/aps13.fr\/wp-content\/uploads\/2023\/03\/Logo-APS-2022.png","width":920,"height":794},{"@type":"BreadcrumbList","@id":"https:\/\/aps13.fr\/#breadcrumb","itemListElement":[{"@type":"ListItem","position":1,"name":"Accueil","item":"https:\/\/aps13.fr\/"},{"@type":"ListItem","position":2,"name":"accueil"}]},{"@type":"WebSite","@id":"https:\/\/aps13.fr\/#website","url":"https:\/\/aps13.fr\/","name":"APS13","description":"Atelier Plus Sports","publisher":{"@id":"https:\/\/aps13.fr\/#organization"},"potentialAction":[{"@type":"SearchAction","target":{"@type":"EntryPoint","urlTemplate":"https:\/\/aps13.fr\/?s={search_term_string}"},"query-input":{"@type":"PropertyValueSpecification","valueRequired":true,"valueName":"search_term_string"}}],"inLanguage":"fr-FR"},{"@type":"Organization","@id":"https:\/\/aps13.fr\/#organization","name":"Atelier Plus Sports","url":"https:\/\/aps13.fr\/","logo":{"@type":"ImageObject","inLanguage":"fr-FR","@id":"https:\/\/aps13.fr\/#\/schema\/logo\/image\/","url":"https:\/\/aps13.fr\/wp-content\/uploads\/2022\/04\/Logo-APS-2022-1.png","contentUrl":"https:\/\/aps13.fr\/wp-content\/uploads\/2022\/04\/Logo-APS-2022-1.png","width":920,"height":794,"caption":"Atelier Plus Sports"},"image":{"@id":"https:\/\/aps13.fr\/#\/schema\/logo\/image\/"},"sameAs":["https:\/\/www.facebook.com\/people\/Atelier-Plus-Sports\/100057795483989\/"]}]}},"_links":{"self":[{"href":"https:\/\/aps13.fr\/index.php?rest_route=\/wp\/v2\/pages\/9","targetHints":{"allow":["GET"]}}],"collection":[{"href":"https:\/\/aps13.fr\/index.php?rest_route=\/wp\/v2\/pages"}],"about":[{"href":"https:\/\/aps13.fr\/index.php?rest_route=\/wp\/v2\/types\/page"}],"author":[{"embeddable":true,"href":"https:\/\/aps13.fr\/index.php?rest_route=\/wp\/v2\/users\/1"}],"replies":[{"embeddable":true,"href":"https:\/\/aps13.fr\/index.php?rest_route=%2Fwp%2Fv2%2Fcomments&post=9"}],"version-history":[{"count":94,"href":"https:\/\/aps13.fr\/index.php?rest_route=\/wp\/v2\/pages\/9\/revisions"}],"predecessor-version":[{"id":600,"href":"https:\/\/aps13.fr\/index.php?rest_route=\/wp\/v2\/pages\/9\/revisions\/600"}],"wp:featuredmedia":[{"embeddable":true,"href":"https:\/\/aps13.fr\/index.php?rest_route=\/wp\/v2\/media\/544"}],"wp:attachment":[{"href":"https:\/\/aps13.fr\/index.php?rest_route=%2Fwp%2Fv2%2Fmedia&parent=9"}],"curies":[{"name":"wp","href":"https:\/\/api.w.org\/{rel}","templated":true}]}}